{"id":3527,"date":"2016-03-28T09:28:14","date_gmt":"2016-03-28T09:28:14","guid":{"rendered":"https:\/\/www.rafttoproduce.com\/pagina-de-inicio\/"},"modified":"2024-02-04T19:02:56","modified_gmt":"2024-02-04T19:02:56","slug":"pagina-de-inicio","status":"publish","type":"page","link":"https:\/\/www.rafttoproduce.com\/es\/","title":{"rendered":"P\u00e1gina de inicio"},"content":{"rendered":"<section class=\"wpb-content-wrapper\"><p>[vc_row css=\u00bb.vc_custom_1465986795347{margin-top: -40px !important;}\u00bb][vc_column][vc_empty_space height=\u00bb5px\u00bb][rev_slider_vc alias=\u00bbthebuilt-3-11&#8243;][\/vc_column][\/vc_row][vc_row css=\u00bb.vc_custom_1465991303714{margin-top: 30px !important;}\u00bb][vc_column]<div class=\"mgt-header-block clearfix text-center text-black wpb_content_element  mgt-header-block-style-2 mgt-header-texttransform-subheader \"><h1 class=\"mgt-header-block-title\">Raft to Produce est\u00e1 en el coraz\u00f3n de la innovaci\u00f3n y la calidad !<\/h1><\/div>[\/vc_column][\/vc_row][vc_row css=\u00bb.vc_custom_1464093122490{margin-bottom: 30px !important;}\u00bb][vc_column width=\u00bb1\/6&#8243;][\/vc_column][vc_column width=\u00bb2\/3&#8243;][vc_column_text]<\/p>\n<p style=\"text-align: center;\">\u00abEstamos orgullosos de ser su socio de confianza, ofreciendo una amplia gama de servicios, desde la fabricaci\u00f3n de c\u00e1maras frigor\u00edficas hasta la transformaci\u00f3n de metales preciosos. Nuestra prioridad absoluta es la satisfacci\u00f3n de nuestros clientes, ofreci\u00e9ndoles los productos que merecen. Explore nuestro universo y descubra c\u00f3mo Raft to Produce se compromete en la b\u00fasqueda de la excelencia.\u00bb. \u00bb<\/p>\n<p>[\/vc_column_text][\/vc_column][vc_column width=\u00bb1\/6&#8243;][\/vc_column][\/vc_row][vc_row css=\u00bb.vc_custom_1466082603844{margin-bottom: 10px !important;}\u00bb][vc_column][vc_separator][\/vc_column][\/vc_row][vc_row css=\u00bb.vc_custom_1464346399483{margin-bottom: 30px !important;}\u00bb][vc_column width=\u00bb1\/3&#8243;]<div class=\"mgt-icon-box wpb_content_element wpb_animate_when_almost_visible wpb_top-to-bottom mgt-icon-box-centered mgt-icon-image mgt-icon-background mgt-icon-background-invert text-black \"><div class=\"mgt-icon-box-icon hvr-icon-push\"><img decoding=\"async\" src=\"https:\/\/www.rafttoproduce.com\/wp-content\/uploads\/2024\/01\/s6qocg6ba2kdvse435plp4ikjj.png\" alt=\"PRODUCCI\u00d3N\" \/><\/div><div class=\"mgt-icon-box-content\"><h5>PRODUCCI\u00d3N<\/h5><\/p>\n<p style=\"text-align: center\">Nuestra unidad de producci\u00f3n cuenta con personal calificado y competente, maquinaria de alto rendimiento y materiales de excelente calidad, garantizando la satisfacci\u00f3n de las necesidades de nuestros clientes.<\/p>\n<p><\/div><div class=\"clearfix\"><\/div><\/div>[\/vc_column][vc_column width=\u00bb1\/3&#8243;]<div class=\"mgt-icon-box wpb_content_element wpb_animate_when_almost_visible wpb_top-to-bottom mgt-icon-box-centered mgt-icon-image mgt-icon-background mgt-icon-background-invert text-black \"><div class=\"mgt-icon-box-icon hvr-icon-push\"><img decoding=\"async\" src=\"https:\/\/www.rafttoproduce.com\/wp-content\/uploads\/2024\/01\/images.jpeg\" alt=\"IMPORTAR\" \/><\/div><div class=\"mgt-icon-box-content\"><h5>IMPORTAR<\/h5><\/p>\n<p style=\"text-align: center\">Explore el mundo con Raft to Produce, donde la constante b\u00fasqueda de la excelencia gu\u00eda nuestras importaciones. Recorremos el mundo para seleccionar los mejores materiales, garantizando la calidad superior de nuestros productos.<\/p>\n<p><\/div><div class=\"clearfix\"><\/div><\/div>[\/vc_column][vc_column width=\u00bb1\/3&#8243;]<div class=\"mgt-icon-box wpb_content_element wpb_animate_when_almost_visible wpb_top-to-bottom mgt-icon-box-centered mgt-icon-image mgt-icon-background mgt-icon-background-invert text-black \"><div class=\"mgt-icon-box-icon hvr-icon-push\"><img decoding=\"async\" src=\"https:\/\/www.rafttoproduce.com\/wp-content\/uploads\/2024\/01\/UnderCon_icon.svg_.png\" alt=\"OBRAS P\u00daBLICAS\" \/><\/div><div class=\"mgt-icon-box-content\"><h5>OBRAS P\u00daBLICAS<\/h5><\/p>\n<p style=\"text-align: center\">Raft to Produce construye seg\u00fan sus deseos. Nuestras obras p\u00fablicas utilizan materiales de calidad para crear infraestructuras robustas y duraderas. Desde la construcci\u00f3n hasta el paisajismo, cada proyecto cuenta su propia historia. Sum\u00e9rgete en un mundo donde la ingenier\u00eda se encuentra con la pasi\u00f3n, redefiniendo el paisaje urbano en cada paso.<\/p>\n<p><\/div><div class=\"clearfix\"><\/div><\/div>[\/vc_column][\/vc_row][vc_row css=\u00bb.vc_custom_1466009257935{margin-bottom: 50px !important;}\u00bb][vc_column]<div class=\"mgt-button-wrapper mgt-button-wrapper-align-center mgt-button-wrapper-display-newline mgt-button-top-margin-disable\"><a class=\"btn hvr-float mgt-button mgt-style-solid-invert mgt-size-normal mgt-align-center mgt-display-newline mgt-text-size-normal mgt-button-icon-position-left mgt-text-transform-uppercase \" href=\"https:\/\/www.rafttoproduce.com\/es\/nuestros-servicios\/\">M\u00e1s informaci\u00f3n<\/a><\/div>[\/vc_column][\/vc_row][vc_row full_width=\u00bbstretch_row\u00bb css=\u00bb.vc_custom_1704202704982{margin-top: 30px !important;padding-top: 30px !important;padding-bottom: 30px !important;background-color: #f5f5f5 !important;background-position: 0 0 !important;background-repeat: repeat !important;}\u00bb][vc_column][vc_tta_tabs shape=\u00bbsquare\u00bb color=\u00bbblack\u00bb spacing=\u00bb\u00bb alignment=\u00bbcenter\u00bb active_section=\u00bb1&#8243; no_fill_content_area=\u00bbtrue\u00bb css=\u00bb.vc_custom_1466080005959{padding-top: 10px !important;padding-bottom: 10px !important;}\u00bb][vc_tta_section title=\u00bbEquipos de refrigeraci\u00f3n\u00bb tab_id=\u00bb1465992037443-44330575-16b2&#8243;][vc_row_inner css=\u00bb.vc_custom_1465993245954{padding-top: 30px !important;}\u00bb][vc_column_inner width=\u00bb2\/3&#8243;]<div class=\"mgt-header-block clearfix text-left text-black wpb_content_element  mgt-header-block-style-2 mgt-header-texttransform-both  vc_custom_1707073324302\"><p class=\"mgt-header-block-subtitle\">FABRICACI\u00d3N DE C\u00c1MARAS FRIGOR\u00cdFICAS<\/p><h2 class=\"mgt-header-block-title\">EQUIPOS Y MATERIALES DE REFRIGERACI\u00d3N<\/h2><\/div>[vc_column_text]Nuestros equipos de refrigeraci\u00f3n combinan innovaci\u00f3n y rendimiento. Desde el almacenamiento personalizado hasta la conservaci\u00f3n \u00f3ptima, cada producto est\u00e1 dise\u00f1ado para mantener la frescura con una eficiencia excepcional, ofreciendo as\u00ed una soluci\u00f3n de refrigeraci\u00f3n incomparable para su empresa.[\/vc_column_text]<div class=\"mgt-button-wrapper mgt-button-wrapper-align-left mgt-button-wrapper-display-newline mgt-button-top-margin-disable\"><a class=\"btn hvr-push mgt-button mgt-style-solid mgt-size-normal mgt-align-left mgt-display-newline mgt-text-size-normal mgt-button-icon-position-left mgt-text-transform-uppercase \" href=\"https:\/\/www.rafttoproduce.com\/es\/pongase-en-contacto-con-nosotros\/\">Cont\u00e1ctenos<\/a><\/div>[\/vc_column_inner][vc_column_inner width=\u00bb1\/3&#8243; css=\u00bb.vc_custom_1465992884028{margin-right: 0px !important;padding-right: 0px !important;}\u00bb]<style scoped='scoped'>.mgt-promo-block-80547717587.mgt-promo-block.animated:hover .mgt-promo-block-content {background-color: rgba(247,247,247,0.5)!important;}<\/style><div class=\"mgt-promo-block animated white-text cover-image text-size-normal no-darken mgt-promo-block-80547717587 wpb_content_element\" data-style=\"background-image: url(https:\/\/www.rafttoproduce.com\/wp-content\/uploads\/2023\/12\/removal.ai_6d00fefd-22b1-4c1c-9bfa-cf9a6d04eb3c-chambrefroide.png);background-repeat: no-repeat;width: 100%; height: 320px;\"><div class=\"mgt-promo-block-content\"><div class=\"mgt-promo-block-content-inside\"><\/div><\/div><\/div>[\/vc_column_inner][\/vc_row_inner][\/vc_tta_section][vc_tta_section title=\u00bbEquipo de riego\u00bb tab_id=\u00bb1465993411014-2c166847-ce4e\u00bb][vc_row_inner css=\u00bb.vc_custom_1465993245954{padding-top: 30px !important;}\u00bb][vc_column_inner width=\u00bb2\/3&#8243;]<div class=\"mgt-header-block clearfix text-left text-black wpb_content_element  mgt-header-block-style-2 mgt-header-texttransform-both  vc_custom_1705090359050\"><p class=\"mgt-header-block-subtitle\">Material<\/p><h2 class=\"mgt-header-block-title\">Irrigaci\u00f3n<\/h2><\/div>[vc_column_text]Optimice el uso del agua con el equipo de riego de Raft to Produce. Ofrecemos soluciones personalizadas para resultados ecol\u00f3gicos y sostenibles.[\/vc_column_text]<div class=\"mgt-button-wrapper mgt-button-wrapper-align-left mgt-button-wrapper-display-newline mgt-button-top-margin-disable\"><a class=\"btn hvr-push mgt-button mgt-style-solid mgt-size-normal mgt-align-left mgt-display-newline mgt-text-size-normal mgt-button-icon-position-left mgt-text-transform-uppercase \" href=\"https:\/\/www.rafttoproduce.com\/es\/pongase-en-contacto-con-nosotros\/\">Cont\u00e1ctenos<\/a><\/div>[\/vc_column_inner][vc_column_inner width=\u00bb1\/3&#8243; css=\u00bb.vc_custom_1465992884028{margin-right: 0px !important;padding-right: 0px !important;}\u00bb]<style scoped='scoped'>.mgt-promo-block-80547717587.mgt-promo-block.animated:hover .mgt-promo-block-content {background-color: rgba(0,0,0,0.5)!important;}<\/style><div class=\"mgt-promo-block animated white-text cover-image text-size-normal no-darken mgt-promo-block-80547717587 wpb_content_element\" data-style=\"background-image: url(https:\/\/www.rafttoproduce.com\/wp-content\/uploads\/2024\/01\/removal.ai_468cbe13-2fc4-4798-a422-3b40724c3925-tt.png);background-repeat: no-repeat;width: 100%; height: 320px;\"><div class=\"mgt-promo-block-content\"><div class=\"mgt-promo-block-content-inside\"><\/div><\/div><\/div>[\/vc_column_inner][\/vc_row_inner][\/vc_tta_section][vc_tta_section title=\u00bbPiezas industriales\u00bb tab_id=\u00bb1465993408854-c2d9e472-22ea\u00bb][\/vc_tta_section][\/vc_tta_tabs][\/vc_column][\/vc_row][vc_row css=\u00bb.vc_custom_1466009257935{margin-bottom: 50px !important;}\u00bb][vc_column][vc_separator][\/vc_column][\/vc_row][vc_row full_width=\u00bbstretch_row\u00bb css=\u00bb.vc_custom_1466180385333{padding-bottom: 40px !important;}\u00bb][vc_column]<style scoped='scoped'>.mgt-promo-block-60650316887.mgt-promo-block .mgt-promo-block-content h1 {font-size: 50px;line-height: normal!important;}<\/style><div class=\"mgt-promo-block black-text text-size-normal no-darken mgt-promo-block-60650316887 wpb_content_element\" data-style=\"width: 100%; height: 480px;\"><div class=\"mgt-promo-block-content\"><div class=\"mgt-promo-block-content-inside\">\n<h5 style=\"text-align: center\">\u00a1Tienes una pregunta!<\/h5>\n<h1 style=\"text-align: center\">No dude en ponerse en contacto con nosotros<\/h1>\n<div class=\"mgt-button-wrapper mgt-button-wrapper-align-center mgt-button-wrapper-display-newline mgt-button-top-margin-enable\"><a class=\"btn hvr-push mgt-button mgt-style-solid mgt-size-normal mgt-align-center mgt-display-newline mgt-text-size-normal mgt-button-icon-position-right mgt-text-transform-uppercase \" href=\"https:\/\/www.rafttoproduce.com\/es\/pongase-en-contacto-con-nosotros\/\">Cont\u00e1ctenos<i class=\"fa fa-envelope-o\"><\/i><\/a><\/div><\/div><\/div><\/div>[\/vc_column][\/vc_row]<\/p>\n<\/section>","protected":false},"excerpt":{"rendered":"<p>[vc_row css=\u00bb.vc_custom_1465986795347{margin-top: -40px !important;}\u00bb][vc_column][vc_empty_space height=\u00bb5px\u00bb][rev_slider_vc alias=\u00bbthebuilt-3-11&#8243;][\/vc_column][\/vc_row][vc_row css=\u00bb.vc_custom_1465991303714{margin-top: 30px !important;}\u00bb][vc_column][\/vc_column][\/vc_row][vc_row css=\u00bb.vc_custom_1464093122490{margin-bottom: 30px !important;}\u00bb][vc_column width=\u00bb1\/6&#8243;][\/vc_column][vc_column width=\u00bb2\/3&#8243;][vc_column_text] \u00abEstamos orgullosos de ser su socio de confianza, ofreciendo una amplia gama de servicios, desde la&#8230;<\/p>\n","protected":false},"author":1,"featured_media":0,"parent":0,"menu_order":0,"comment_status":"closed","ping_status":"closed","template":"","meta":{"footnotes":""},"class_list":["post-3527","page","type-page","status-publish","hentry"],"_links":{"self":[{"href":"https:\/\/www.rafttoproduce.com\/es\/wp-json\/wp\/v2\/pages\/3527","targetHints":{"allow":["GET"]}}],"collection":[{"href":"https:\/\/www.rafttoproduce.com\/es\/wp-json\/wp\/v2\/pages"}],"about":[{"href":"https:\/\/www.rafttoproduce.com\/es\/wp-json\/wp\/v2\/types\/page"}],"author":[{"embeddable":true,"href":"https:\/\/www.rafttoproduce.com\/es\/wp-json\/wp\/v2\/users\/1"}],"replies":[{"embeddable":true,"href":"https:\/\/www.rafttoproduce.com\/es\/wp-json\/wp\/v2\/comments?post=3527"}],"version-history":[{"count":6,"href":"https:\/\/www.rafttoproduce.com\/es\/wp-json\/wp\/v2\/pages\/3527\/revisions"}],"predecessor-version":[{"id":3608,"href":"https:\/\/www.rafttoproduce.com\/es\/wp-json\/wp\/v2\/pages\/3527\/revisions\/3608"}],"wp:attachment":[{"href":"https:\/\/www.rafttoproduce.com\/es\/wp-json\/wp\/v2\/media?parent=3527"}],"curies":[{"name":"wp","href":"https:\/\/api.w.org\/{rel}","templated":true}]}}